{"id":79,"date":"2023-01-27T23:53:25","date_gmt":"2023-01-27T23:53:25","guid":{"rendered":"https:\/\/apluseightbookkeeping.com\/?page_id=79"},"modified":"2025-05-21T19:02:40","modified_gmt":"2025-05-21T19:02:40","slug":"about-me","status":"publish","type":"page","link":"https:\/\/apluseightbookkeeping.com\/es\/about-me\/","title":{"rendered":"SOBRE NOSOTROS"},"content":{"rendered":"<div data-elementor-type=\"wp-page\" data-elementor-id=\"79\" class=\"elementor elementor-79\" data-elementor-post-type=\"page\">\n\t\t\t\t\t\t<section class=\"wd-negative-gap elementor-section elementor-top-section elementor-element elementor-element-0c27020 elementor-section-boxed elementor-section-height-default elementor-section-height-default\" data-id=\"0c27020\" data-element_type=\"section\">\n\t\t\t\t\t\t<div class=\"elementor-container elementor-column-gap-default\">\n\t\t\t\t\t<div class=\"elementor-column elementor-col-100 elementor-top-column elementor-element elementor-element-91a8e6a\" data-id=\"91a8e6a\" data-element_type=\"column\">\n\t\t\t<div class=\"elementor-widget-wrap elementor-element-populated\">\n\t\t\t\t\t\t<div class=\"elementor-element elementor-element-d0b817f elementor-widget elementor-widget-spacer\" data-id=\"d0b817f\" data-element_type=\"widget\" data-widget_type=\"spacer.default\">\n\t\t\t\t<div class=\"elementor-widget-container\">\n\t\t\t\t\t\t\t<div class=\"elementor-spacer\">\n\t\t\t<div class=\"elementor-spacer-inner\"><\/div>\n\t\t<\/div>\n\t\t\t\t\t\t<\/div>\n\t\t\t\t<\/div>\n\t\t\t\t<section class=\"wd-negative-gap elementor-section elementor-inner-section elementor-element elementor-element-d09d4e7 elementor-section-boxed elementor-section-height-default elementor-section-height-default\" data-id=\"d09d4e7\" data-element_type=\"section\">\n\t\t\t\t\t\t<div class=\"elementor-container elementor-column-gap-default\">\n\t\t\t\t\t<div class=\"elementor-column elementor-col-50 elementor-inner-column elementor-element elementor-element-78edfc5\" data-id=\"78edfc5\" data-element_type=\"column\">\n\t\t\t<div class=\"elementor-widget-wrap elementor-element-populated\">\n\t\t\t\t\t\t<div class=\"elementor-element elementor-element-70d92d7 elementor-widget elementor-widget-spacer\" data-id=\"70d92d7\" data-element_type=\"widget\" data-widget_type=\"spacer.default\">\n\t\t\t\t<div class=\"elementor-widget-container\">\n\t\t\t\t\t\t\t<div class=\"elementor-spacer\">\n\t\t\t<div class=\"elementor-spacer-inner\"><\/div>\n\t\t<\/div>\n\t\t\t\t\t\t<\/div>\n\t\t\t\t<\/div>\n\t\t\t\t<div class=\"elementor-element elementor-element-a3bdc2c animated-slow elementor-invisible elementor-widget elementor-widget-heading\" data-id=\"a3bdc2c\" data-element_type=\"widget\" data-settings=\"{&quot;_animation&quot;:&quot;fadeInUp&quot;}\" data-widget_type=\"heading.default\">\n\t\t\t\t<div class=\"elementor-widget-container\">\n\t\t\t\t\t<h2 class=\"elementor-heading-title elementor-size-default\">\u00a1HOLA!<\/h2>\t\t\t\t<\/div>\n\t\t\t\t<\/div>\n\t\t\t\t<div class=\"elementor-element elementor-element-feacd27 elementor-widget elementor-widget-spacer\" data-id=\"feacd27\" data-element_type=\"widget\" data-widget_type=\"spacer.default\">\n\t\t\t\t<div class=\"elementor-widget-container\">\n\t\t\t\t\t\t\t<div class=\"elementor-spacer\">\n\t\t\t<div class=\"elementor-spacer-inner\"><\/div>\n\t\t<\/div>\n\t\t\t\t\t\t<\/div>\n\t\t\t\t<\/div>\n\t\t\t\t<div class=\"elementor-element elementor-element-6e53a39 animated-slow elementor-invisible elementor-widget elementor-widget-heading\" data-id=\"6e53a39\" data-element_type=\"widget\" data-settings=\"{&quot;_animation&quot;:&quot;fadeInUp&quot;}\" data-widget_type=\"heading.default\">\n\t\t\t\t<div class=\"elementor-widget-container\">\n\t\t\t\t\t<h2 class=\"elementor-heading-title elementor-size-default\">Yo soy Adelana Martinez\n<\/h2>\t\t\t\t<\/div>\n\t\t\t\t<\/div>\n\t\t\t\t<div class=\"elementor-element elementor-element-f2e50a8 elementor-widget elementor-widget-spacer\" data-id=\"f2e50a8\" data-element_type=\"widget\" data-widget_type=\"spacer.default\">\n\t\t\t\t<div class=\"elementor-widget-container\">\n\t\t\t\t\t\t\t<div class=\"elementor-spacer\">\n\t\t\t<div class=\"elementor-spacer-inner\"><\/div>\n\t\t<\/div>\n\t\t\t\t\t\t<\/div>\n\t\t\t\t<\/div>\n\t\t\t\t<div class=\"elementor-element elementor-element-bc57a3d color-scheme-inherit text-left elementor-widget elementor-widget-text-editor\" data-id=\"bc57a3d\" data-element_type=\"widget\" data-widget_type=\"text-editor.default\">\n\t\t\t\t<div class=\"elementor-widget-container\">\n\t\t\t\t\t\t\t\t\t<p data-start=\"62\" data-end=\"207\">Nac\u00ed en Santo Domingo, Rep\u00fablica Dominicana, y crec\u00ed en las bellas calles de la Colonia de Don Bosco en la Capital de mi pa\u00eds.<\/p><p data-start=\"209\" data-end=\"420\">A los 19 a\u00f1os de edad me mude a los Estados Unidos con mi madre. He vivido en New York en donde perfeccione mi ingl\u00e9s y empec\u00e9 la universidad, despu\u00e9s me mude a Miami, en donde empec\u00e9 mi carrera financiera trabajando en un banco.<\/p><p data-start=\"422\" data-end=\"699\">Hace quince a\u00f1os llegue a la Ciudad Reina, aqu\u00ed encontr\u00e9 la oportunidad de un buen comienzo, conclu\u00ed mis estudios obteniendo mi BS en Justicia Criminal, en referencia al estudio de fraudes para instituciones bancarias y trabajo el departamento o de pr\u00e9stamos hipotecarios de Bank of America.<\/p><p data-start=\"701\" data-end=\"775\">Estoy certificado como agente de preparaci\u00f3n de impuestos y llevo practicando siete a\u00f1os.<\/p><p data-start=\"777\" data-end=\"1061\">Este trabajo me ha permitido crecer profesionalmente, hago impuestos personales, pero me especializo en impuestos de negocios, asesorando a mis clientes no solo en las plantillas anuales, sino tambi\u00e9n en apertura y registro de empresas, y el manejo adecuado de sus libros y registros contables .<\/p><p data-start=\"1063\" data-end=\"1308\">Me fascina ense\u00f1arle a los clientes lo bueno que es mantener sus cuentas en orden. Que los tax no son malos, que aprendiendo y organizando los gastos podemos demostrar por que estos son necesarios para su negocio y quiz\u00e1s encontrar alg\u00fan cr\u00e9dito y pagar menos impuestos.\u00a0<\/p><p data-start=\"1310\" data-end=\"1615\">Para mi es super chulo ver a donde va tu dinero. La educaci\u00f3n y organizaci\u00f3n financiera es la clave para vivir tranquilos monetariamente. Esto es algo que te ofrece un profesional al mantener tus libros contables organizados y si este tiene conocimiento de impuestos mucho mejor y m\u00e1s f\u00e1cil.<\/p><p data-start=\"1617\" data-end=\"1757\">Charlotte me ha dado la oportunidad de comprar mi casa, ver crecer a mi hijo y ahora expandir mis servicios profesionales a trav\u00e9s de mi propia empresa.<\/p><p data-start=\"1759\" data-end=\"1799\">Estoy aqu\u00ed para trabajar juntos y servirles.<\/p>\t\t\t\t\t\t\t\t<\/div>\n\t\t\t\t<\/div>\n\t\t\t\t<div class=\"elementor-element elementor-element-08466cb elementor-widget elementor-widget-spacer\" data-id=\"08466cb\" data-element_type=\"widget\" data-widget_type=\"spacer.default\">\n\t\t\t\t<div class=\"elementor-widget-container\">\n\t\t\t\t\t\t\t<div class=\"elementor-spacer\">\n\t\t\t<div class=\"elementor-spacer-inner\"><\/div>\n\t\t<\/div>\n\t\t\t\t\t\t<\/div>\n\t\t\t\t<\/div>\n\t\t\t\t\t<\/div>\n\t\t<\/div>\n\t\t\t\t<div class=\"elementor-column elementor-col-50 elementor-inner-column elementor-element elementor-element-cf3924c\" data-id=\"cf3924c\" data-element_type=\"column\" data-settings=\"{&quot;background_background&quot;:&quot;classic&quot;}\">\n\t\t\t<div class=\"elementor-widget-wrap elementor-element-populated\">\n\t\t\t\t\t\t<div class=\"elementor-element elementor-element-6af4bf2 elementor-widget elementor-widget-spacer\" data-id=\"6af4bf2\" data-element_type=\"widget\" data-widget_type=\"spacer.default\">\n\t\t\t\t<div class=\"elementor-widget-container\">\n\t\t\t\t\t\t\t<div class=\"elementor-spacer\">\n\t\t\t<div class=\"elementor-spacer-inner\"><\/div>\n\t\t<\/div>\n\t\t\t\t\t\t<\/div>\n\t\t\t\t<\/div>\n\t\t\t\t<div class=\"elementor-element elementor-element-defa92f elementor-widget elementor-widget-image\" data-id=\"defa92f\" data-element_type=\"widget\" data-widget_type=\"image.default\">\n\t\t\t\t<div class=\"elementor-widget-container\">\n\t\t\t\t\t\t\t\t\t\t\t\t\t\t\t<img fetchpriority=\"high\" decoding=\"async\" width=\"485\" height=\"800\" src=\"https:\/\/apluseightbookkeeping.com\/wp-content\/uploads\/2023\/02\/Capa-0-1-621x1024.png\" class=\"attachment-large size-large wp-image-248\" alt=\"\" srcset=\"https:\/\/apluseightbookkeeping.com\/wp-content\/uploads\/2023\/02\/Capa-0-1-621x1024.png 621w, https:\/\/apluseightbookkeeping.com\/wp-content\/uploads\/2023\/02\/Capa-0-1-430x709.png 430w, https:\/\/apluseightbookkeeping.com\/wp-content\/uploads\/2023\/02\/Capa-0-1-150x247.png 150w, https:\/\/apluseightbookkeeping.com\/wp-content\/uploads\/2023\/02\/Capa-0-1-700x1155.png 700w, https:\/\/apluseightbookkeeping.com\/wp-content\/uploads\/2023\/02\/Capa-0-1-182x300.png 182w, https:\/\/apluseightbookkeeping.com\/wp-content\/uploads\/2023\/02\/Capa-0-1-768x1267.png 768w, https:\/\/apluseightbookkeeping.com\/wp-content\/uploads\/2023\/02\/Capa-0-1-931x1536.png 931w, https:\/\/apluseightbookkeeping.com\/wp-content\/uploads\/2023\/02\/Capa-0-1-1241x2048.png 1241w\" sizes=\"(max-width: 485px) 100vw, 485px\" \/>\t\t\t\t\t\t\t\t\t\t\t\t\t\t\t<\/div>\n\t\t\t\t<\/div>\n\t\t\t\t\t<\/div>\n\t\t<\/div>\n\t\t\t\t\t<\/div>\n\t\t<\/section>\n\t\t\t\t\t<\/div>\n\t\t<\/div>\n\t\t\t\t\t<\/div>\n\t\t<\/section>\n\t\t\t\t<\/div>","protected":false},"excerpt":{"rendered":"<p>Hello! I am Adelana Mart\u00ednez I was born in Santo Domingo, Dominican Republic, and grew up in the beautiful streets<\/p>","protected":false},"author":1,"featured_media":0,"parent":0,"menu_order":0,"comment_status":"closed","ping_status":"closed","template":"","meta":{"_joinchat":[],"footnotes":""},"class_list":["post-79","page","type-page","status-publish","hentry"],"_links":{"self":[{"href":"https:\/\/apluseightbookkeeping.com\/es\/wp-json\/wp\/v2\/pages\/79","targetHints":{"allow":["GET"]}}],"collection":[{"href":"https:\/\/apluseightbookkeeping.com\/es\/wp-json\/wp\/v2\/pages"}],"about":[{"href":"https:\/\/apluseightbookkeeping.com\/es\/wp-json\/wp\/v2\/types\/page"}],"author":[{"embeddable":true,"href":"https:\/\/apluseightbookkeeping.com\/es\/wp-json\/wp\/v2\/users\/1"}],"replies":[{"embeddable":true,"href":"https:\/\/apluseightbookkeeping.com\/es\/wp-json\/wp\/v2\/comments?post=79"}],"version-history":[{"count":29,"href":"https:\/\/apluseightbookkeeping.com\/es\/wp-json\/wp\/v2\/pages\/79\/revisions"}],"predecessor-version":[{"id":16120,"href":"https:\/\/apluseightbookkeeping.com\/es\/wp-json\/wp\/v2\/pages\/79\/revisions\/16120"}],"wp:attachment":[{"href":"https:\/\/apluseightbookkeeping.com\/es\/wp-json\/wp\/v2\/media?parent=79"}],"curies":[{"name":"wp","href":"https:\/\/api.w.org\/{rel}","templated":true}]}}